{"id":2281,"date":"2020-07-22T17:19:50","date_gmt":"2020-07-22T15:19:50","guid":{"rendered":"http:\/\/fattoriadirimaggio.hanzo.it\/la-fattoria\/la-fattoria\/"},"modified":"2020-10-08T16:10:48","modified_gmt":"2020-10-08T14:10:48","slug":"die-urspruenge","status":"publish","type":"page","link":"https:\/\/fattoriadirimaggio.hanzo.it\/de\/der-bauernhof\/die-urspruenge\/","title":{"rendered":"Die Urspr\u00fcnge"},"content":{"rendered":"\t\t<div data-elementor-type=\"wp-post\" data-elementor-id=\"2281\" data-post-id=\"2281\" data-obj-id=\"2281\" class=\"elementor elementor-2281 dce-elementor-post-2281 elementor-1879\" data-elementor-settings=\"[]\">\n\t\t\t\t\t\t<div class=\"elementor-inner\">\n\t\t\t\t\t\t\t<div class=\"elementor-section-wrap\">\n\t\t\t\t\t\t\t<section class=\"elementor-section elementor-top-section elementor-element elementor-element-7e53139 elementor-section-stretched elementor-section-full_width elementor-section-height-default elementor-section-height-default\" data-id=\"7e53139\" data-element_type=\"section\" data-settings=\"{&quot;stretch_section&quot;:&quot;section-stretched&quot;,&quot;background_background&quot;:&quot;classic&quot;}\">\n\t\t\t\t\t\t<div class=\"elementor-container elementor-column-gap-default\">\n\t\t\t\t\t\t\t<div class=\"elementor-row\">\n\t\t\t\t\t<div class=\"elementor-column elementor-col-100 elementor-top-column elementor-element elementor-element-e1a360d\" data-id=\"e1a360d\" data-element_type=\"column\">\n\t\t\t<div class=\"elementor-column-wrap elementor-element-populated\">\n\t\t\t\t\t\t\t<div class=\"elementor-widget-wrap\">\n\t\t\t\t\t\t<div class=\"elementor-element elementor-element-bcf6bca elementor-widget elementor-widget-spacer\" data-id=\"bcf6bca\" data-element_type=\"widget\" data-widget_type=\"spacer.default\">\n\t\t\t\t<div class=\"elementor-widget-container\">\n\t\t\t\t\t<div class=\"elementor-spacer\">\n\t\t\t<div class=\"elementor-spacer-inner\"><\/div>\n\t\t<\/div>\n\t\t\t\t<\/div>\n\t\t\t\t<\/div>\n\t\t\t\t\t\t<\/div>\n\t\t\t\t\t<\/div>\n\t\t<\/div>\n\t\t\t\t\t\t\t\t<\/div>\n\t\t\t\t\t<\/div>\n\t\t<\/section>\n\t\t\t\t<section class=\"elementor-section elementor-inner-section elementor-element elementor-element-1a1ce32 elementor-section-full_width elementor-section-height-default elementor-section-height-default\" data-id=\"1a1ce32\" data-element_type=\"section\">\n\t\t\t\t\t\t<div class=\"elementor-container elementor-column-gap-default\">\n\t\t\t\t\t\t\t<div class=\"elementor-row\">\n\t\t\t\t\t<div class=\"elementor-column elementor-col-50 elementor-inner-column elementor-element elementor-element-1413e07\" data-id=\"1413e07\" data-element_type=\"column\">\n\t\t\t<div class=\"elementor-column-wrap elementor-element-populated\">\n\t\t\t\t\t\t\t<div class=\"elementor-widget-wrap\">\n\t\t\t\t\t\t<div class=\"elementor-element elementor-element-7e59e60 elementor--h-position-center elementor--v-position-middle elementor-arrows-position-inside elementor-pagination-position-inside elementor-widget elementor-widget-slides\" data-id=\"7e59e60\" data-element_type=\"widget\" data-settings=\"{&quot;navigation&quot;:&quot;both&quot;,&quot;autoplay&quot;:&quot;yes&quot;,&quot;pause_on_hover&quot;:&quot;yes&quot;,&quot;pause_on_interaction&quot;:&quot;yes&quot;,&quot;autoplay_speed&quot;:5000,&quot;infinite&quot;:&quot;yes&quot;,&quot;transition&quot;:&quot;slide&quot;,&quot;transition_speed&quot;:500}\" data-widget_type=\"slides.default\">\n\t\t\t\t<div class=\"elementor-widget-container\">\n\t\t\t\t\t<div class=\"elementor-swiper\">\n\t\t\t<div class=\"elementor-slides-wrapper elementor-main-swiper swiper-container\" dir=\"ltr\" data-animation=\"fadeInUp\">\n\t\t\t\t<div class=\"swiper-wrapper elementor-slides\">\n\t\t\t\t\t<div class=\"elementor-repeater-item-292b987 swiper-slide\"><div class=\"swiper-slide-bg elementor-ken-burns elementor-ken-burns--in\"><\/div><div class=\"swiper-slide-inner\" ><div class=\"swiper-slide-contents\"><\/div><\/div><\/div><div class=\"elementor-repeater-item-fd8fc35 swiper-slide\"><div class=\"swiper-slide-bg elementor-ken-burns elementor-ken-burns--in\"><\/div><div class=\"swiper-slide-inner\" ><div class=\"swiper-slide-contents\"><\/div><\/div><\/div><div class=\"elementor-repeater-item-ba8556d swiper-slide\"><div class=\"swiper-slide-bg elementor-ken-burns elementor-ken-burns--in\"><\/div><div class=\"swiper-slide-inner\" ><div class=\"swiper-slide-contents\"><\/div><\/div><\/div>\t\t\t\t<\/div>\n\t\t\t\t\t\t\t\t\t\t\t\t\t\t\t<div class=\"swiper-pagination\"><\/div>\n\t\t\t\t\t\t\t\t\t\t\t\t\t\t\t\t<div class=\"elementor-swiper-button elementor-swiper-button-prev\">\n\t\t\t\t\t\t\t<i class=\"eicon-chevron-left\" aria-hidden=\"true\"><\/i>\n\t\t\t\t\t\t\t<span class=\"elementor-screen-only\">Voriger<\/span>\n\t\t\t\t\t\t<\/div>\n\t\t\t\t\t\t<div class=\"elementor-swiper-button elementor-swiper-button-next\">\n\t\t\t\t\t\t\t<i class=\"eicon-chevron-right\" aria-hidden=\"true\"><\/i>\n\t\t\t\t\t\t\t<span class=\"elementor-screen-only\">N\u00e4chster<\/span>\n\t\t\t\t\t\t<\/div>\n\t\t\t\t\t\t\t\t\t\t\t\t<\/div>\n\t\t<\/div>\n\t\t\t\t<\/div>\n\t\t\t\t<\/div>\n\t\t\t\t\t\t<\/div>\n\t\t\t\t\t<\/div>\n\t\t<\/div>\n\t\t\t\t<div class=\"elementor-column elementor-col-50 elementor-inner-column elementor-element elementor-element-61cc536\" data-id=\"61cc536\" data-element_type=\"column\">\n\t\t\t<div class=\"elementor-column-wrap elementor-element-populated\">\n\t\t\t\t\t\t\t<div class=\"elementor-widget-wrap\">\n\t\t\t\t\t\t<div class=\"elementor-element elementor-element-d288d62 elementor-invisible elementor-widget elementor-widget-heading\" data-id=\"d288d62\" data-element_type=\"widget\" data-settings=\"{&quot;_animation&quot;:&quot;fadeInUp&quot;}\" data-widget_type=\"heading.default\">\n\t\t\t\t<div class=\"elementor-widget-container\">\n\t\t\t<h2 class=\"elementor-heading-title elementor-size-default\">DIE URSPR\u00dcNGE<\/h2>\t\t<\/div>\n\t\t\t\t<\/div>\n\t\t\t\t<div class=\"elementor-element elementor-element-168e434 elementor-widget__width-auto elementor-widget elementor-widget-heading\" data-id=\"168e434\" data-element_type=\"widget\" data-widget_type=\"heading.default\">\n\t\t\t\t<div class=\"elementor-widget-container\">\n\t\t\t<h2 class=\"elementor-heading-title elementor-size-default\">Eine Familie und die Lust, die kostbarsten Traditionen weiterzugeben, zu sch\u00fctzen und aufzuwerten. \u00dcber ein Jahrhundert Geschichte und das Bewusstsein \u00fcber unsere Urspr\u00fcnge.<\/h2>\t\t<\/div>\n\t\t\t\t<\/div>\n\t\t\t\t<div class=\"elementor-element elementor-element-edecf65 elementor-invisible elementor-widget elementor-widget-text-editor\" data-id=\"edecf65\" data-element_type=\"widget\" data-settings=\"{&quot;_animation&quot;:&quot;fadeInLeft&quot;,&quot;_animation_delay&quot;:&quot;700&quot;}\" data-widget_type=\"text-editor.default\">\n\t\t\t\t<div class=\"elementor-widget-container\">\n\t\t\t\t\t<div class=\"elementor-text-editor elementor-clearfix\"><div class=\"elementor-widget-container\">\n<div class=\"elementor-text-editor elementor-clearfix elementor-inline-editing\" data-elementor-setting-key=\"editor\" data-elementor-inline-editing-toolbar=\"advanced\">\n<p>\u00dcber hundert Jahre und eine unausl\u00f6schliche Bindung an das Arnotal, genauer an die Gemeinden Pergine, Laterina und Montevarchi, in denen der Bauernhof mit seinen Feldern liegt. In den ersten Jahren des 20. Jahrhundert arbeiteten auf dem Bauernhof 25 Ansiedler, die auf dem Landgut in Halbpacht lebten, wie es zu der Zeit in ganz Toskana \u00fcblich war. Mit den Jahren wandelte sich der Betrieb in einen echten direkt gef\u00fchrten Landwirtschaftsbetriebs mit betriebsinternem Personal und einer strukturierteren Organisation.<\/p>\n<p>In denselben Jahren hat die Familie Calvo Pegna eine neue strategische und wirtschaftliche Betriebsf\u00fchrung gestaltet: Die Produktionskette wurde verk\u00fcrzt und der Betrieb begann, sich direkt selbst um die Verarbeitung und den Verkauf seiner Erzeugnisse zu k\u00fcmmern. Die \u201eFattoria di Rimaggio, wie wir sie heute kennen, wurde geboren, ein Bauernhof, an dem der gesamte Produktionszyklus stattfindet: Von der Haltung der Tiere bis zur Verarbeitung und den Verkauf von Fleisch, Aufschnitt und K\u00e4se.<\/p>\n<p><strong>Diese Philosophie ist unver\u00e4ndert geblieben und hat in den letzten zehn Jahren den Landwirtschaftsbetrieb bei seinem Ausbau begleitet, der sich in den Provinzen von Arezzo und Florenz als Bezugsbetrieb f\u00fcr diejenigen best\u00e4tigte, die Qualit\u00e4tserzeugnisse suchen, die wirklich aus einer lokalen Produktionskette kommen.<\/strong><\/p>\n<\/div>\n<\/div>\n<\/div>\n\t\t\t\t<\/div>\n\t\t\t\t<\/div>\n\t\t\t\t\t\t<\/div>\n\t\t\t\t\t<\/div>\n\t\t<\/div>\n\t\t\t\t\t\t\t\t<\/div>\n\t\t\t\t\t<\/div>\n\t\t<\/section>\n\t\t\t\t\t\t<\/div>\n\t\t\t\t\t\t<\/div>\n\t\t\t\t\t<\/div>\n\t\t","protected":false},"excerpt":{"rendered":"<p>Precedente Successivo DIE URSPR\u00dcNGE Eine Familie und die Lust, die kostbarsten Traditionen weiterzugeben, zu sch\u00fctzen und aufzuwerten. \u00dcber ein Jahrhundert Geschichte und das Bewusstsein \u00fcber unsere Urspr\u00fcnge. \u00dcber hundert Jahre und eine unausl\u00f6schliche Bindung an das Arnotal, genauer an die Gemeinden Pergine, Laterina und Montevarchi, in denen der Bauernhof mit seinen Feldern liegt. In den [&hellip;]<\/p>\n","protected":false},"author":1,"featured_media":2256,"parent":2254,"menu_order":0,"comment_status":"closed","ping_status":"closed","template":"elementor_header_footer","meta":[],"_links":{"self":[{"href":"https:\/\/fattoriadirimaggio.hanzo.it\/de\/wp-json\/wp\/v2\/pages\/2281\/"}],"collection":[{"href":"https:\/\/fattoriadirimaggio.hanzo.it\/de\/wp-json\/wp\/v2\/pages\/"}],"about":[{"href":"https:\/\/fattoriadirimaggio.hanzo.it\/de\/wp-json\/wp\/v2\/types\/page\/"}],"author":[{"embeddable":true,"href":"https:\/\/fattoriadirimaggio.hanzo.it\/de\/wp-json\/wp\/v2\/users\/1\/"}],"replies":[{"embeddable":true,"href":"https:\/\/fattoriadirimaggio.hanzo.it\/de\/wp-json\/wp\/v2\/comments\/?post=2281"}],"version-history":[{"count":4,"href":"https:\/\/fattoriadirimaggio.hanzo.it\/de\/wp-json\/wp\/v2\/pages\/2281\/revisions\/"}],"predecessor-version":[{"id":2292,"href":"https:\/\/fattoriadirimaggio.hanzo.it\/de\/wp-json\/wp\/v2\/pages\/2281\/revisions\/2292\/"}],"up":[{"embeddable":true,"href":"https:\/\/fattoriadirimaggio.hanzo.it\/de\/wp-json\/wp\/v2\/pages\/2254\/"}],"wp:featuredmedia":[{"embeddable":true,"href":"https:\/\/fattoriadirimaggio.hanzo.it\/de\/wp-json\/wp\/v2\/media\/2256\/"}],"wp:attachment":[{"href":"https:\/\/fattoriadirimaggio.hanzo.it\/de\/wp-json\/wp\/v2\/media\/?parent=2281"}],"curies":[{"name":"wp","href":"https:\/\/api.w.org\/{rel}","templated":true}]}}